{"id":709,"date":"2025-09-29T16:25:01","date_gmt":"2025-09-29T16:25:01","guid":{"rendered":"https:\/\/micochesincarnet.es\/?page_id=709"},"modified":"2025-09-29T16:30:26","modified_gmt":"2025-09-29T16:30:26","slug":"politica-de-privacidad","status":"publish","type":"page","link":"https:\/\/micochesincarnet.es\/?page_id=709","title":{"rendered":"Pol\u00edtica de privacidad"},"content":{"rendered":"\n<p>De acuerdo con lo establecido por el Reglamento (UE) 2016\/679 del Parlamento Europeo y del Consejo, de 27 de abril de 2016 (RGPD), y la Ley Org\u00e1nica 3\/2018, de 5 de diciembre, de Protecci\u00f3n de Datos Personales y garant\u00eda de los derechos digitales (LOPDGDD), se informa a los usuarios sobre nuestra Pol\u00edtica de Privacidad.<\/p>\n\n\n\n<p>El acceso y uso de este Sitio Web otorga la condici\u00f3n de Usuario e implica la aceptaci\u00f3n plena y sin reservas de esta pol\u00edtica. Si no est\u00e1 de acuerdo con ella, le rogamos que no utilice este sitio.<\/p>\n\n\n\n<p>La totalidad de tratamientos de datos son realizados en nombre del responsable de tratamiento, cuyos datos identificativos son los siguientes:<\/p>\n\n\n\n<ol class=\"wp-block-list\">\n<li style=\"font-style:normal;font-weight:600;text-transform:uppercase\">Modificaci\u00f3n de la pol\u00edtica<\/li>\n<\/ol>\n\n\n\n<p><strong>Titular:<\/strong> Daniel Camino Rodr\u00edguez<br><strong>Nombre comercial:<\/strong> MINIAUTOS MARCAM<br><strong>NIF:<\/strong> 03845016Z<br><strong>Domicilio:<\/strong> Ctra. Mazarambroz, n\u00ba 29 \u2013 Sonseca (Toledo), Espa\u00f1a<br><strong>Correo electr\u00f3nico:<\/strong> <a>info@micochesincarnet.es<\/a><\/p>\n\n\n\n<ol start=\"2\" class=\"wp-block-list\">\n<li style=\"font-style:normal;font-weight:700;text-transform:uppercase\">Recogida de datos, finalidad y legitimaci\u00f3n<\/li>\n<\/ol>\n\n\n\n<p>Los datos personales recogidos a trav\u00e9s del formulario de contacto, correo electr\u00f3nico o tel\u00e9fono ser\u00e1n tratados con las siguientes finalidades:<\/p>\n\n\n\n<ul class=\"wp-block-list\">\n<li>Atender y responder a consultas de usuarios y clientes.<\/li>\n\n\n\n<li>Facilitar informaci\u00f3n solicitada sobre nuestros productos y servicios (veh\u00edculos sin carnet).<\/li>\n\n\n\n<li>Gestionar la relaci\u00f3n comercial derivada de dichas consultas.<\/li>\n\n\n\n<li>Realizar, en su caso, la gesti\u00f3n administrativa necesaria para la tramitaci\u00f3n de contratos y matriculaci\u00f3n de veh\u00edculos.<\/li>\n<\/ul>\n\n\n\n<p>La base legal para el tratamiento es el consentimiento del usuario, prestado al enviar voluntariamente sus datos a trav\u00e9s de los medios habilitados.<\/p>\n\n\n\n<p>Es responsabilidad del Usuario proporcionar datos exactos y actualizados.<\/p>\n\n\n\n<ol start=\"3\" class=\"wp-block-list\">\n<li style=\"font-style:normal;font-weight:600;text-transform:uppercase\">Conservaci\u00f3n de los datos<\/li>\n<\/ol>\n\n\n\n<p>Los datos ser\u00e1n tratados \u00fanicamente durante el tiempo necesario para atender la consulta y mientras se mantenga la relaci\u00f3n comercial. Posteriormente, se conservar\u00e1n debidamente bloqueados durante los plazos legales exigidos para atender posibles responsabilidades.<\/p>\n\n\n\n<ol start=\"4\" class=\"wp-block-list\">\n<li style=\"font-style:normal;font-weight:600;text-transform:uppercase\">Cesi\u00f3n de datos personales<\/li>\n<\/ol>\n\n\n\n<p>Con car\u00e1cter general no se comunicar\u00e1n datos a terceros, salvo en los siguientes casos:<\/p>\n\n\n\n<ul class=\"wp-block-list\">\n<li>Gestor\u00eda administrativa, \u00fanicamente para tramitar la matriculaci\u00f3n de veh\u00edculos.<\/li>\n\n\n\n<li>Obligaci\u00f3n legal, cuando as\u00ed lo requiera una autoridad competente.<\/li>\n<\/ul>\n\n\n\n<p>En ning\u00fan caso se realizar\u00e1n transferencias internacionales de datos.<\/p>\n\n\n\n<ol start=\"5\" class=\"wp-block-list\">\n<li style=\"font-style:normal;font-weight:700;text-transform:uppercase\">Derechos de protecci\u00f3n de datos<\/li>\n<\/ol>\n\n\n\n<p>Los usuarios pueden ejercer en cualquier momento los derechos reconocidos en la normativa:<\/p>\n\n\n\n<ul class=\"wp-block-list\">\n<li>Acceso: conocer qu\u00e9 datos personales tratamos.<\/li>\n\n\n\n<li>Rectificaci\u00f3n: solicitar la correcci\u00f3n de datos inexactos.<\/li>\n\n\n\n<li>Supresi\u00f3n: pedir la eliminaci\u00f3n de sus datos cuando ya no sean necesarios.<\/li>\n\n\n\n<li>Limitaci\u00f3n del tratamiento: restringir temporalmente el uso de sus datos.<\/li>\n\n\n\n<li>Oposici\u00f3n: negarse al tratamiento en determinadas circunstancias.<\/li>\n\n\n\n<li>Portabilidad: recibir sus datos en un formato electr\u00f3nico estructurado.<\/li>\n<\/ul>\n\n\n\n<p>Para el ejercicio de estos derechos, deber\u00e1 enviar una solicitud junto con copia de su documento identificativo a info@micochesincarnet.es.<\/p>\n\n\n\n<p>Asimismo, podr\u00e1 presentar reclamaci\u00f3n ante la Agencia Espa\u00f1ola de Protecci\u00f3n de Datos (AEPD) en www.aepd.es.<\/p>\n\n\n\n<ol start=\"6\" class=\"wp-block-list\">\n<li style=\"font-style:normal;font-weight:700;text-transform:uppercase\">Medidas de seguridad<\/li>\n<\/ol>\n\n\n\n<p>MINIAUTOS MARCAM se compromete a tratar los datos personales de forma confidencial, aplicando las medidas t\u00e9cnicas y organizativas necesarias para garantizar su seguridad y evitar su p\u00e9rdida, alteraci\u00f3n o acceso no autorizado.<\/p>\n\n\n\n<ol start=\"7\" class=\"wp-block-list\">\n<li style=\"font-style:normal;font-weight:700;text-transform:uppercase\">Modificaci\u00f3n de la pol\u00edtica<\/li>\n<\/ol>\n\n\n\n<p>MINIAUTOS MARCAM se reserva el derecho a modificar la presente Pol\u00edtica de Privacidad para adaptarla a novedades legislativas o jurisprudenciales, as\u00ed como a buenas pr\u00e1cticas del sector.<\/p>\n","protected":false},"excerpt":{"rendered":"<p>De acuerdo con lo establecido por el Reglamento (UE) 2016\/679 del Parlamento Europeo y del Consejo, de 27 de abril [&hellip;]<\/p>\n","protected":false},"author":1,"featured_media":0,"parent":0,"menu_order":0,"comment_status":"closed","ping_status":"closed","template":"","meta":{"site-sidebar-layout":"default","site-content-layout":"","ast-site-content-layout":"default","site-content-style":"default","site-sidebar-style":"default","ast-global-header-display":"","ast-banner-title-visibility":"","ast-main-header-display":"","ast-hfb-above-header-display":"","ast-hfb-below-header-display":"","ast-hfb-mobile-header-display":"","site-post-title":"","ast-breadcrumbs-content":"","ast-featured-img":"","footer-sml-layout":"","ast-disable-related-posts":"","theme-transparent-header-meta":"","adv-header-id-meta":"","stick-header-meta":"","header-above-stick-meta":"","header-main-stick-meta":"","header-below-stick-meta":"","astra-migrate-meta-layouts":"default","ast-page-background-enabled":"default","ast-page-background-meta":{"desktop":{"background-color":"var(--ast-global-color-5)","background-image":"","background-repeat":"repeat","background-position":"center center","background-size":"auto","background-attachment":"scroll","background-type":"","background-media":"","overlay-type":"","overlay-color":"","overlay-opacity":"","overlay-gradient":""},"tablet":{"background-color":"","background-image":"","background-repeat":"repeat","background-position":"center center","background-size":"auto","background-attachment":"scroll","background-type":"","background-media":"","overlay-type":"","overlay-color":"","overlay-opacity":"","overlay-gradient":""},"mobile":{"background-color":"","background-image":"","background-repeat":"repeat","background-position":"center center","background-size":"auto","background-attachment":"scroll","background-type":"","background-media":"","overlay-type":"","overlay-color":"","overlay-opacity":"","overlay-gradient":""}},"ast-content-background-meta":{"desktop":{"background-color":"var(--ast-global-color-4)","background-image":"","background-repeat":"repeat","background-position":"center center","background-size":"auto","background-attachment":"scroll","background-type":"","background-media":"","overlay-type":"","overlay-color":"","overlay-opacity":"","overlay-gradient":""},"tablet":{"background-color":"var(--ast-global-color-4)","background-image":"","background-repeat":"repeat","background-position":"center center","background-size":"auto","background-attachment":"scroll","background-type":"","background-media":"","overlay-type":"","overlay-color":"","overlay-opacity":"","overlay-gradient":""},"mobile":{"background-color":"var(--ast-global-color-4)","background-image":"","background-repeat":"repeat","background-position":"center center","background-size":"auto","background-attachment":"scroll","background-type":"","background-media":"","overlay-type":"","overlay-color":"","overlay-opacity":"","overlay-gradient":""}},"footnotes":""},"class_list":["post-709","page","type-page","status-publish","hentry"],"_links":{"self":[{"href":"https:\/\/micochesincarnet.es\/index.php?rest_route=\/wp\/v2\/pages\/709","targetHints":{"allow":["GET"]}}],"collection":[{"href":"https:\/\/micochesincarnet.es\/index.php?rest_route=\/wp\/v2\/pages"}],"about":[{"href":"https:\/\/micochesincarnet.es\/index.php?rest_route=\/wp\/v2\/types\/page"}],"author":[{"embeddable":true,"href":"https:\/\/micochesincarnet.es\/index.php?rest_route=\/wp\/v2\/users\/1"}],"replies":[{"embeddable":true,"href":"https:\/\/micochesincarnet.es\/index.php?rest_route=%2Fwp%2Fv2%2Fcomments&post=709"}],"version-history":[{"count":5,"href":"https:\/\/micochesincarnet.es\/index.php?rest_route=\/wp\/v2\/pages\/709\/revisions"}],"predecessor-version":[{"id":715,"href":"https:\/\/micochesincarnet.es\/index.php?rest_route=\/wp\/v2\/pages\/709\/revisions\/715"}],"wp:attachment":[{"href":"https:\/\/micochesincarnet.es\/index.php?rest_route=%2Fwp%2Fv2%2Fmedia&parent=709"}],"curies":[{"name":"wp","href":"https:\/\/api.w.org\/{rel}","templated":true}]}}